{"id":15,"date":"2024-06-20T11:41:02","date_gmt":"2024-06-20T08:41:02","guid":{"rendered":"https:\/\/kauppa.kokouksetvirossa.fi\/?page_id=15"},"modified":"2024-08-21T14:20:50","modified_gmt":"2024-08-21T11:20:50","slug":"kayttoehdot","status":"publish","type":"page","link":"https:\/\/kauppa.kokouksetvirossa.fi\/en\/kayttoehdot\/","title":{"rendered":"K\u00e4ytt\u00f6ehdot"},"content":{"rendered":"<p><strong>Kauppiastiedot ja verkkokaupan maksutavat<\/strong><\/p>\n\n\n\n<p><strong>Verkkokauppa<\/strong><br>Myyj\u00e4: Baltic Meetings O\u00dc<br>Y-tunnus: 16953498<br>Osoite: Baltic Meetings O\u00dc, Saare maakond, Saaremaa vald, Kuressaare linn, Tallinna tn 16, 93819<\/p>\n\n\n\n<p><strong>Maksutavat Verkkokaupassa<\/strong><br>Maksunv\u00e4lityspalvelun toteuttajana ja maksupalveluntarjoajana toimii Paytrail Oyj (2122839-7) yhteisty\u00f6ss\u00e4 suomalaisten pankkien ja luottolaitosten kanssa. Paytrail Oyj n\u00e4kyy maksun saajana tiliotteella tai korttilaskulla ja v\u00e4litt\u00e4\u00e4 maksun kauppiaalle. Paytrail Oyj:ll\u00e4 on maksulaitoksen toimilupa. Reklamaatiotapauksissa pyyd\u00e4mme ottamaan ensisijaisesti yhteytt\u00e4 tuotteen toimittajaan.<\/p>\n\n\n\n<p>Paytrail Oyj, y-tunnus: 2122839-7<br>Innova 2<br>Lutakonaukio 7<br>40100 Jyv\u00e4skyl\u00e4<br><a href=\"https:\/\/www.paytrail.com\/kuluttaja\/tietoa-maksamisesta\" target=\"_blank\" rel=\"noreferrer noopener\">paytrail.com\/kuluttaja\/tietoa-maksamisesta<\/a><\/p>\n\n\n\n<p><strong>Palautusoikeus<\/strong><br>Sinulla on kuluttajasuojalain mukainen palautusoikeus, jota k\u00e4ytt\u00e4ess\u00e4si voit asioida suoraan myyj\u00e4n kanssa.<\/p>\n\n\n\n<p><strong>Verkkokaupasta ostetun matkan peruutusehdot<\/strong><\/p>\n\n\n\n<p><strong>Sopimuksen syntyminen ja hinnan maksaminen<\/strong><br>Matkustajaa sitova sopimus syntyy, kun matkanj\u00e4rjest\u00e4j\u00e4n m\u00e4\u00e4r\u00e4\u00e4m\u00e4 ensimm\u00e4inen maksusuoritus on maksettu viimeist\u00e4\u00e4n er\u00e4p\u00e4iv\u00e4n\u00e4. Matkan hinta kokonaisuudessaan on maksettava matkanj\u00e4rjest\u00e4j\u00e4n ilmoittamana tai muuna sovittuna m\u00e4\u00e4r\u00e4aikana. Maksettuaan matkan hinnan, matkustajalla on oikeus saada matkaliput ja muut matkaan liittyv\u00e4t asiakirjat hyviss\u00e4 ajoin ennen matkan alkamista.<\/p>\n\n\n\n<p><strong>Matkustajan oikeus peruuttaa matka ennen matkan alkamista<\/strong><br>Matkustajalla on oikeus peruuttaa matka milloin tahansa ennen matkan alkamista. T\u00e4ll\u00f6in matkanj\u00e4rjest\u00e4j\u00e4ll\u00e4 on oikeus peri\u00e4 peruutusmaksu seuraavasti:<\/p>\n\n\n\n<ul class=\"wp-block-list\">\n<li><strong>a)<\/strong> Toimistokulut, kun matka peruutetaan viimeist\u00e4\u00e4n 45 vuorokautta ennen matkan alkamista.<\/li>\n\n\n\n<li><strong>b)<\/strong> Varausmaksu, kun matka peruutetaan my\u00f6hemmin kuin 45 vuorokautta mutta viimeist\u00e4\u00e4n 21 vuorokautta ennen matkan alkamista.<\/li>\n\n\n\n<li><strong>c)<\/strong> 50 % matkan hinnasta, kun matka peruutetaan my\u00f6hemmin kuin 21 vuorokautta mutta viimeist\u00e4\u00e4n 7 vuorokautta ennen matkan alkamista.<\/li>\n\n\n\n<li><strong>d)<\/strong> 75 % matkan hinnasta, kun matka peruutetaan my\u00f6hemmin kuin 7 vuorokautta mutta viimeist\u00e4\u00e4n 3 vuorokautta ennen matkan alkamista.<\/li>\n\n\n\n<li><strong>e)<\/strong> 95 % matkan hinnasta, kun matka peruutetaan my\u00f6hemmin kuin 3 vuorokautta ennen matkan alkamista.<\/li>\n<\/ul>\n\n\n\n<p>Mik\u00e4li matka on hinnoiteltu siten, ett\u00e4 kahden tai useamman matkustajan seurue majoitetaan samaan huoneeseen tai huoneistoon ja joku seurueen j\u00e4senist\u00e4 peruuttaa matkansa, matkanj\u00e4rjest\u00e4j\u00e4ll\u00e4 on oikeus peri\u00e4 peruutuskulujen lis\u00e4ksi majoituksen vajaak\u00e4yt\u00f6st\u00e4 aiheutuvat kulut. Peruuttanut ja matkalle osallistuvat j\u00e4senet vastaavat yhteisvastuullisesti kyseisten kulujen maksamisesta. Matkanj\u00e4rjest\u00e4j\u00e4 ja matkaseurue voivat my\u00f6s sopia vaihtoehtoisesta majoitusj\u00e4rjestelyst\u00e4.<\/p>\n\n\n\n<p>Jos matkaa ei peruuteta eik\u00e4 matkustaja saavu l\u00e4ht\u00f6paikalle sovittuun aikaan, tai h\u00e4nell\u00e4 ei ole tarvittavia asiapapereita, kuten voimassaolevaa passia, viisumia, henkil\u00f6llisyystodistusta tai rokotustodistusta, maksua ei palauteta.<\/p>\n\n\n\n<p><strong>Matkustajan oikeus peruuttaa matka matkanj\u00e4rjest\u00e4j\u00e4n tekemien muutosten vuoksi ennen matkan alkamista<\/strong><br>Matkustaja voi peruuttaa matkan, jos:<\/p>\n\n\n\n<ul class=\"wp-block-list\">\n<li><strong>a)<\/strong> Matkanj\u00e4rjest\u00e4j\u00e4 muuttaa merkitt\u00e4v\u00e4sti matkaj\u00e4rjestelyj\u00e4, kuten kuljetusv\u00e4lineen, aikataulun tai matkakohteen muutoksia, jotka aiheuttavat matkustajalle huomattavia hankaluuksia.<\/li>\n\n\n\n<li><strong>b)<\/strong> Matkustajalla on perusteltu syy uskoa, ett\u00e4 matka ei toteudu sopimuksen mukaisesti esimerkiksi sotatoimien, luonnonkatastrofien, lakon tai vakavien terveysriskien takia.<\/li>\n<\/ul>\n\n\n\n<hr class=\"wp-block-separator has-alpha-channel-opacity\"\/>\n\n\n\n<h3 class=\"wp-block-heading\" id=\"h_01HBG5ZEC18QMQ7JPW94AGBWR6\"><\/h3>\n\n\n\n<figure class=\"wp-block-image size-large\"><img loading=\"lazy\" decoding=\"async\" width=\"1024\" height=\"214\" src=\"https:\/\/kauppa.kokouksetvirossa.fi\/site-assets\/uploads\/2024\/08\/Nayttokuva-2024-08-21-kello-14.04.03-1024x214.png\" alt=\"\" class=\"wp-image-326\" srcset=\"https:\/\/kauppa.kokouksetvirossa.fi\/site-assets\/uploads\/2024\/08\/Nayttokuva-2024-08-21-kello-14.04.03-1024x214.png 1024w, https:\/\/kauppa.kokouksetvirossa.fi\/site-assets\/uploads\/2024\/08\/Nayttokuva-2024-08-21-kello-14.04.03-300x63.png 300w, https:\/\/kauppa.kokouksetvirossa.fi\/site-assets\/uploads\/2024\/08\/Nayttokuva-2024-08-21-kello-14.04.03-768x161.png 768w, https:\/\/kauppa.kokouksetvirossa.fi\/site-assets\/uploads\/2024\/08\/Nayttokuva-2024-08-21-kello-14.04.03-18x4.png 18w, https:\/\/kauppa.kokouksetvirossa.fi\/site-assets\/uploads\/2024\/08\/Nayttokuva-2024-08-21-kello-14.04.03-600x125.png 600w, https:\/\/kauppa.kokouksetvirossa.fi\/site-assets\/uploads\/2024\/08\/Nayttokuva-2024-08-21-kello-14.04.03.png 1416w\" sizes=\"auto, (max-width: 1024px) 100vw, 1024px\" \/><\/figure>\n\n\n\n<p><\/p>","protected":false},"excerpt":{"rendered":"<p>Kauppiastiedot ja verkkokaupan maksutavat VerkkokauppaMyyj\u00e4: Baltic Meetings O\u00dcY-tunnus: 16953498Osoite: Baltic Meetings O\u00dc, Saare maakond, Saaremaa vald, Kuressaare linn, Tallinna tn [&hellip;]<\/p>\n","protected":false},"author":1,"featured_media":0,"parent":0,"menu_order":0,"comment_status":"closed","ping_status":"closed","template":"","meta":{"site-sidebar-layout":"default","site-content-layout":"","ast-site-content-layout":"default","site-content-style":"default","site-sidebar-style":"default","ast-global-header-display":"","ast-banner-title-visibility":"","ast-main-header-display":"","ast-hfb-above-header-display":"","ast-hfb-below-header-display":"","ast-hfb-mobile-header-display":"","site-post-title":"","ast-breadcrumbs-content":"","ast-featured-img":"","footer-sml-layout":"","ast-disable-related-posts":"","theme-transparent-header-meta":"","adv-header-id-meta":"","stick-header-meta":"","header-above-stick-meta":"","header-main-stick-meta":"","header-below-stick-meta":"","astra-migrate-meta-layouts":"default","ast-page-background-enabled":"default","ast-page-background-meta":{"desktop":{"background-color":"var(--ast-global-color-4)","background-image":"","background-repeat":"repeat","background-position":"center center","background-size":"auto","background-attachment":"scroll","background-type":"","background-media":"","overlay-type":"","overlay-color":"","overlay-opacity":"","overlay-gradient":""},"tablet":{"background-color":"","background-image":"","background-repeat":"repeat","background-position":"center center","background-size":"auto","background-attachment":"scroll","background-type":"","background-media":"","overlay-type":"","overlay-color":"","overlay-opacity":"","overlay-gradient":""},"mobile":{"background-color":"","background-image":"","background-repeat":"repeat","background-position":"center center","background-size":"auto","background-attachment":"scroll","background-type":"","background-media":"","overlay-type":"","overlay-color":"","overlay-opacity":"","overlay-gradient":""}},"ast-content-background-meta":{"desktop":{"background-color":"var(--ast-global-color-5)","background-image":"","background-repeat":"repeat","background-position":"center center","background-size":"auto","background-attachment":"scroll","background-type":"","background-media":"","overlay-type":"","overlay-color":"","overlay-opacity":"","overlay-gradient":""},"tablet":{"background-color":"var(--ast-global-color-5)","background-image":"","background-repeat":"repeat","background-position":"center center","background-size":"auto","background-attachment":"scroll","background-type":"","background-media":"","overlay-type":"","overlay-color":"","overlay-opacity":"","overlay-gradient":""},"mobile":{"background-color":"var(--ast-global-color-5)","background-image":"","background-repeat":"repeat","background-position":"center center","background-size":"auto","background-attachment":"scroll","background-type":"","background-media":"","overlay-type":"","overlay-color":"","overlay-opacity":"","overlay-gradient":""}},"footnotes":""},"class_list":["post-15","page","type-page","status-publish","hentry"],"_links":{"self":[{"href":"https:\/\/kauppa.kokouksetvirossa.fi\/en\/wp-json\/wp\/v2\/pages\/15","targetHints":{"allow":["GET"]}}],"collection":[{"href":"https:\/\/kauppa.kokouksetvirossa.fi\/en\/wp-json\/wp\/v2\/pages"}],"about":[{"href":"https:\/\/kauppa.kokouksetvirossa.fi\/en\/wp-json\/wp\/v2\/types\/page"}],"author":[{"embeddable":true,"href":"https:\/\/kauppa.kokouksetvirossa.fi\/en\/wp-json\/wp\/v2\/users\/1"}],"replies":[{"embeddable":true,"href":"https:\/\/kauppa.kokouksetvirossa.fi\/en\/wp-json\/wp\/v2\/comments?post=15"}],"version-history":[{"count":11,"href":"https:\/\/kauppa.kokouksetvirossa.fi\/en\/wp-json\/wp\/v2\/pages\/15\/revisions"}],"predecessor-version":[{"id":332,"href":"https:\/\/kauppa.kokouksetvirossa.fi\/en\/wp-json\/wp\/v2\/pages\/15\/revisions\/332"}],"wp:attachment":[{"href":"https:\/\/kauppa.kokouksetvirossa.fi\/en\/wp-json\/wp\/v2\/media?parent=15"}],"curies":[{"name":"wp","href":"https:\/\/api.w.org\/{rel}","templated":true}]}}